{"id":130,"date":"2024-02-03T14:43:24","date_gmt":"2024-02-03T14:43:24","guid":{"rendered":"http:\/\/sauginta.lt\/?page_id=130"},"modified":"2024-02-04T14:26:44","modified_gmt":"2024-02-04T14:26:44","slug":"kontaktai","status":"publish","type":"page","link":"https:\/\/sauginta.lt\/index.php\/kontaktai\/","title":{"rendered":"Kontaktai"},"content":{"rendered":"\n<p>Lazdyn\u0173 g. 21, LT-04129, Vilnius<br> tel. \u00a0865263859 el. p. info@sauginta.lt, www.sauginta.lt<br>\u012emon\u0117s kodas 300568803 <br>Atsiskaitomoji s\u0105skaita Nr. LT497300010095278200<br>Swedbank AB bankas kodas 73000<\/p>\n","protected":false},"excerpt":{"rendered":"<p>Lazdyn\u0173 g. 21, LT-04129, Vilnius tel. \u00a0865263859 el. p. info@sauginta.lt, www.sauginta.lt\u012emon\u0117s kodas 300568803 Atsiskaitomoji s\u0105skaita Nr. LT497300010095278200Swedbank AB bankas kodas 73000<\/p>\n","protected":false},"author":1,"featured_media":172,"parent":0,"menu_order":0,"comment_status":"closed","ping_status":"closed","template":"","meta":{"footnotes":""},"class_list":["post-130","page","type-page","status-publish","has-post-thumbnail","hentry"],"_links":{"self":[{"href":"https:\/\/sauginta.lt\/index.php\/wp-json\/wp\/v2\/pages\/130","targetHints":{"allow":["GET"]}}],"collection":[{"href":"https:\/\/sauginta.lt\/index.php\/wp-json\/wp\/v2\/pages"}],"about":[{"href":"https:\/\/sauginta.lt\/index.php\/wp-json\/wp\/v2\/types\/page"}],"author":[{"embeddable":true,"href":"https:\/\/sauginta.lt\/index.php\/wp-json\/wp\/v2\/users\/1"}],"replies":[{"embeddable":true,"href":"https:\/\/sauginta.lt\/index.php\/wp-json\/wp\/v2\/comments?post=130"}],"version-history":[{"count":3,"href":"https:\/\/sauginta.lt\/index.php\/wp-json\/wp\/v2\/pages\/130\/revisions"}],"predecessor-version":[{"id":175,"href":"https:\/\/sauginta.lt\/index.php\/wp-json\/wp\/v2\/pages\/130\/revisions\/175"}],"wp:featuredmedia":[{"embeddable":true,"href":"https:\/\/sauginta.lt\/index.php\/wp-json\/wp\/v2\/media\/172"}],"wp:attachment":[{"href":"https:\/\/sauginta.lt\/index.php\/wp-json\/wp\/v2\/media?parent=130"}],"curies":[{"name":"wp","href":"https:\/\/api.w.org\/{rel}","templated":true}]}}