{"id":124,"date":"2024-02-03T14:32:05","date_gmt":"2024-02-03T14:32:05","guid":{"rendered":"http:\/\/sauginta.lt\/?page_id=124"},"modified":"2024-02-03T16:24:18","modified_gmt":"2024-02-03T16:24:18","slug":"apie-mus","status":"publish","type":"page","link":"https:\/\/sauginta.lt\/","title":{"rendered":"Apie mus"},"content":{"rendered":"\n<p>UAB \u201eSauginta\u201c \u012fsteigta 2006 metais. Esame operatyvi, lanksti ir pareiginga<br>apsaugos profesional\u0173 komanda, dedanti visas pastangas kliento l\u016bkes\u010di\u0173<br>\u012fgyvendinimui, asmens, turto bei informacijos saugumo u\u017etikrinimui, ir saugesn\u0117s bei<br>solidaresn\u0117s visuomen\u0117s formavimui.<\/p>\n\n\n\n<pre class=\"wp-block-verse\"><strong>Pasirinkus m\u016bs\u0173 paslaugas J\u016bs gaunate:<\/strong>\n    \u25cf kompetetingus ir kvalifikuotus darbuotojus;\n    \u25cf bendradarbiavim\u0105 ir pagalb\u0105 i\u0161 ilgamet\u0119 patirt\u012f turin\u010di\u0173 vadov\u0173;\n    \u25cf lankstum\u0105, operatyvum\u0105 ir pastovum\u0105;\n    \u25cf civiliniu draudimu apdraust\u0105 \u012fsipareigojim\u0173 vykdym\u0105;\n    \u25cf konkurencing\u0105 paslaugos kain\u0105.\n<\/pre>\n\n\n\n<div class=\"wp-block-group\"><div class=\"wp-block-group__inner-container is-layout-constrained wp-block-group-is-layout-constrained\">\n<p><strong>Teikiame \u0161ias paslaugas:<\/strong> <\/p>\n\n\n\n<ul class=\"wp-block-list\">\n<li>fizin\u0117 objekt\u0173 apsauga \u2013 tai objekte dirbantis kvalifikuotas apsaugos darbuotojas, kuris tiesiogiai atlieka apsaugos bei kitas i\u0161 anksto su u\u017esakovu suderintas funkcijas; <\/li>\n\n\n\n<li>elektronin\u0117 objekt\u0173 apsauga \u2013 tai nuolatinis saugomame objekte \u012frengtos apsaugos, gaisro, pavojaus skelbimo signalizacijos steb\u0117jimas apsaugos pulte, reagavimas \u012f gaunamus signalus ir mobilaus greitojo reagavimo ekipa\u017eo veiksmai objekte; <\/li>\n\n\n\n<li>apsaugos sistem\u0173 \u012frengimas \u2013 tai \u012fvairaus lygio ir sud\u0117tingumo apsaugos ir gaisro signalizacij\u0173, vaizdo steb\u0117jimo ir pra\u0117jimo kontrol\u0117s sistem\u0173 projektavimas ir \u012frengimas; <\/li>\n\n\n\n<li>apsaugos sistem\u0173 techninis aptarnavimas ir prie\u017ei\u016bra \u2013 tai planin\u0117 arba vienkartin\u0117 \u012frengt\u0173 apsaugos sistem\u0173 (apsaugin\u0117s ir\/ar prie\u0161gaisrin\u0117s signalizacijos) prie\u017ei\u016bra, patikra ir remontas; <\/li>\n\n\n\n<li>konsultacijos ir apsaugos auditas \u2013 tai objekto apsaugos lygio, gr\u0117smi\u0173 bei rizikos faktori\u0173 nustatymas, esam\u0173 sistem\u0173 patikra, si\u016blym\u0173 d\u0117l objekto apsaugos b\u016bkl\u0117s gerinimo rengimas, nauj\u0173 objekt\u0173 apsaugos koncepcij\u0173 k\u016brimas ir administravimas, sistem\u0173 \u012frengimo ka\u0161t\u0173 skai\u010diavimas bei analiz\u0117.<\/li>\n<\/ul>\n<\/div><\/div>\n\n\n\n<div class=\"wp-block-group\"><div class=\"wp-block-group__inner-container is-layout-constrained wp-block-group-is-layout-constrained\">\n<pre class=\"wp-block-verse has-text-align-center\"><em>UAB \u201eSauginta\u201c yra licencijuota ir sertifikuota saugos tarnyba<\/em>\r\n\r\r\nGinkluotos asmens ir turto saugos licencijos Nr. 00583\nTechni\u0161kai pri\u017ei\u016br\u0117ti automatini\u0173 gaisro aptikimo ir gaisrin\u0117s signalizacijos \u012frenginius licencijos Nr. 201\nApsaugos sistem\u0173 \u012frengimo ypatingos svarbos statiniuose atestato Nr. 6069<\/pre>\n<\/div><\/div>\n","protected":false},"excerpt":{"rendered":"<p>UAB \u201eSauginta\u201c \u012fsteigta 2006 metais. Esame operatyvi, lanksti ir pareigingaapsaugos profesional\u0173 komanda, dedanti visas pastangas kliento l\u016bkes\u010di\u0173\u012fgyvendinimui, asmens, turto bei informacijos saugumo u\u017etikrinimui, ir saugesn\u0117s beisolidaresn\u0117s visuomen\u0117s formavimui. Pasirinkus m\u016bs\u0173 paslaugas J\u016bs gaunate: \u25cf kompetetingus ir kvalifikuotus darbuotojus; \u25cf bendradarbiavim\u0105 ir pagalb\u0105 i\u0161 ilgamet\u0119 patirt\u012f turin\u010di\u0173 vadov\u0173; \u25cf lankstum\u0105, operatyvum\u0105 ir pastovum\u0105; \u25cf civiliniu draudimu [&hellip;]<\/p>\n","protected":false},"author":1,"featured_media":0,"parent":0,"menu_order":0,"comment_status":"closed","ping_status":"closed","template":"","meta":{"footnotes":""},"class_list":["post-124","page","type-page","status-publish","hentry"],"_links":{"self":[{"href":"https:\/\/sauginta.lt\/index.php\/wp-json\/wp\/v2\/pages\/124","targetHints":{"allow":["GET"]}}],"collection":[{"href":"https:\/\/sauginta.lt\/index.php\/wp-json\/wp\/v2\/pages"}],"about":[{"href":"https:\/\/sauginta.lt\/index.php\/wp-json\/wp\/v2\/types\/page"}],"author":[{"embeddable":true,"href":"https:\/\/sauginta.lt\/index.php\/wp-json\/wp\/v2\/users\/1"}],"replies":[{"embeddable":true,"href":"https:\/\/sauginta.lt\/index.php\/wp-json\/wp\/v2\/comments?post=124"}],"version-history":[{"count":7,"href":"https:\/\/sauginta.lt\/index.php\/wp-json\/wp\/v2\/pages\/124\/revisions"}],"predecessor-version":[{"id":168,"href":"https:\/\/sauginta.lt\/index.php\/wp-json\/wp\/v2\/pages\/124\/revisions\/168"}],"wp:attachment":[{"href":"https:\/\/sauginta.lt\/index.php\/wp-json\/wp\/v2\/media?parent=124"}],"curies":[{"name":"wp","href":"https:\/\/api.w.org\/{rel}","templated":true}]}}